{"id":257,"date":"2020-10-30T16:57:10","date_gmt":"2020-10-30T15:57:10","guid":{"rendered":"http:\/\/delicious.dfirma.pl\/?page_id=257"},"modified":"2021-02-06T18:39:59","modified_gmt":"2021-02-06T17:39:59","slug":"henna","status":"publish","type":"page","link":"https:\/\/stoprocentpiekna.com\/index.php\/henna\/","title":{"rendered":"Henna"},"content":{"rendered":"<p>[et_pb_section fb_built=&#8221;1&#8243; _builder_version=&#8221;3.22&#8243; custom_padding=&#8221;51px|0px|0|0px|false|false&#8221;][et_pb_row _builder_version=&#8221;3.25&#8243; custom_padding=&#8221;17px|0px|25px|0px|false|false&#8221; animation_style=&#8221;fade&#8221; animation_delay=&#8221;500ms&#8221;][et_pb_column type=&#8221;4_4&#8243; _builder_version=&#8221;3.25&#8243; custom_padding=&#8221;|||&#8221; custom_padding__hover=&#8221;|||&#8221;][et_pb_text _builder_version=&#8221;4.4.2&#8243; text_font=&#8221;Poppins|800||on|||||&#8221; text_text_color=&#8221;#63cbc0&#8243; text_font_size=&#8221;16px&#8221; text_letter_spacing=&#8221;4px&#8221; text_orientation=&#8221;center&#8221;]<\/p>\n<p>Salon kosmetyczny 100% PI\u0118KNA<\/p>\n<p>[\/et_pb_text][et_pb_text _builder_version=&#8221;4.4.2&#8243; text_font=&#8221;Dancing Script|700|||||||&#8221; text_text_color=&#8221;#595249&#8243; text_font_size=&#8221;45px&#8221; text_orientation=&#8221;center&#8221; custom_margin=&#8221;-6px|||&#8221; text_line_height_tablet=&#8221;&#8221; text_line_height_phone=&#8221;1.2em&#8221; text_line_height_last_edited=&#8221;on|phone&#8221;]<\/p>\n<p>Henna pudrowa i geometria brwi<\/p>\n<p>[\/et_pb_text][\/et_pb_column][\/et_pb_row][\/et_pb_section][et_pb_section fb_built=&#8221;1&#8243; custom_padding_last_edited=&#8221;off|desktop&#8221; admin_label=&#8221;Simple Steps Section&#8221; _builder_version=&#8221;3.22&#8243; module_alignment=&#8221;right&#8221; custom_margin=&#8221;|||&#8221; custom_padding=&#8221;0px||5px||false|false&#8221; custom_padding_tablet=&#8221;||120px|&#8221;][et_pb_row _builder_version=&#8221;4.4.2&#8243;][et_pb_column type=&#8221;4_4&#8243; _builder_version=&#8221;4.4.2&#8243;][et_pb_text _builder_version=&#8221;4.4.2&#8243; custom_padding=&#8221;2px|||||&#8221;]<\/p>\n<p style=\"text-align: justify;\"><span style=\"font-size: large;\">Henna pudrowa<\/span> jest ostatnio najpopularniejszym zabiegiem na brwi. Stanowi<strong> alternatyw\u0119 do makija\u017cu permanentnego<\/strong>. Dzi\u0119ki niej mo\u017cna uzyska\u0107 naturalny efekt makija\u017cu, kt\u00f3ry pozostaje na <strong>brwiach do 6\/8 tygodni<\/strong> (na sk\u00f3rze do 10 dni w zale\u017cno\u015bci od cery).<\/p>\n<p style=\"text-align: justify;\">Henna pudrowa posiada innowacyjna receptur\u0119 bez amoniaku, o\u0142owiu oraz nadtlenku. Henna pudrowa jest <strong>100% wega\u0144ska<\/strong>. Ponadto zawiera hydrolizowane <strong>proteiny,<\/strong> kompleks <strong>witamin<\/strong> i <strong>przeciwutleniacze<\/strong>.<\/p>\n<p style=\"text-align: justify;\">Innowacyjny sk\u0142ad pomaga wzmocni\u0107 w\u0142oski brwi, <strong>pobudzaj\u0105c je do wzrostu<\/strong> oraz poprawiaj\u0105c ich kondycj\u0119.<\/p>\n<p style=\"text-align: justify;\">Dzi\u0119ki <strong>geometrii<\/strong> brwi mo\u017cna nada\u0107 im<strong> idealny kszta\u0142t,<\/strong> kt\u00f3ry podkre\u015bli urod\u0119.<\/p>\n<p>[\/et_pb_text][\/et_pb_column][\/et_pb_row][et_pb_row _builder_version=&#8221;4.4.2&#8243;][et_pb_column type=&#8221;4_4&#8243; _builder_version=&#8221;4.4.2&#8243;][et_pb_image src=&#8221;https:\/\/stoprocentpiekna.com\/wp-content\/uploads\/2021\/01\/Photogenica-PHX45158095.jpg&#8221; _builder_version=&#8221;4.4.2&#8243;][\/et_pb_image][\/et_pb_column][\/et_pb_row][et_pb_row _builder_version=&#8221;4.4.2&#8243; locked=&#8221;off&#8221;][et_pb_column type=&#8221;4_4&#8243; _builder_version=&#8221;4.4.2&#8243;][et_pb_tabs active_tab_background_color=&#8221;#8cd1cd&#8221; inactive_tab_background_color=&#8221;#ffffff&#8221; active_tab_text_color=&#8221;#000000&#8243; _builder_version=&#8221;4.4.2&#8243; tab_text_color=&#8221;#000000&#8243; body_text_color=&#8221;#000000&#8243; tab_font=&#8221;||||||||&#8221; background_color=&#8221;#ffffff&#8221;][et_pb_tab title=&#8221;ZALECENIA POZABIEGOWE&#8221; _builder_version=&#8221;4.4.2&#8243;]<\/p>\n<ul>\n<li>Unikaj promieni s\u0142onecznych 24 godziny po zabiegu, mo\u017ce to spowodowa\u0107 przedwczesne blakni\u0119cie pigmentu.<\/li>\n<li>Nie u\u017cywaj produkt\u00f3w do demakija\u017cu bazowanych na olejkach.<\/li>\n<li>Nie u\u017cywaj peeling\u00f3w, ani produkt\u00f3w przyspieszaj\u0105cych z\u0142uszczanie nask\u00f3rka.<\/li>\n<li>Nie pocieraj, ani nie drap okolicy poddanej zabiegowi.<\/li>\n<li>Czas trwania zabiegu oko\u0142o 60 minut.<\/li>\n<\/ul>\n<p>[\/et_pb_tab][\/et_pb_tabs][\/et_pb_column][\/et_pb_row][et_pb_row column_structure=&#8221;1_3,1_3,1_3&#8243; _builder_version=&#8221;4.4.2&#8243; locked=&#8221;off&#8221;][et_pb_column type=&#8221;1_3&#8243; _builder_version=&#8221;4.4.2&#8243;][\/et_pb_column][et_pb_column type=&#8221;1_3&#8243; _builder_version=&#8221;4.4.2&#8243;][et_pb_button button_url=&#8221;https:\/\/stoprocentpiekna.com\/index.php\/cennik\/&#8221; button_text=&#8221;Sprawd\u017a cen\u0119 us\u0142ugi&#8221; button_alignment=&#8221;center&#8221; _builder_version=&#8221;4.4.2&#8243; custom_button=&#8221;on&#8221; button_text_color=&#8221;#ffffff&#8221; button_bg_color=&#8221;#87d3ca&#8221; button_border_color=&#8221;#ffffff&#8221; button_rel=&#8221;off|off|off|off|off&#8221; animation_style=&#8221;bounce&#8221; animation_duration=&#8221;900ms&#8221; animation_starting_opacity=&#8221;68%&#8221;][\/et_pb_button][\/et_pb_column][et_pb_column type=&#8221;1_3&#8243; _builder_version=&#8221;4.4.2&#8243;][\/et_pb_column][\/et_pb_row][et_pb_row column_structure=&#8221;1_3,1_3,1_3&#8243; use_custom_gutter=&#8221;on&#8221; gutter_width=&#8221;2&#8243; _builder_version=&#8221;3.25&#8243; custom_margin=&#8221;80px|auto|8px|auto|false|&#8221; custom_margin_tablet=&#8221;0px||0px||false&#8221; custom_margin_phone=&#8221;&#8221; custom_margin_last_edited=&#8221;on|phone&#8221; animation_style=&#8221;fade&#8221; animation_delay=&#8221;500ms&#8221; border_color_all=&#8221;rgba(0,0,0,0.12)&#8221; border_width_top=&#8221;2px&#8221; border_color_top=&#8221;rgba(89,82,73,0.21)&#8221;][et_pb_column type=&#8221;1_3&#8243; _builder_version=&#8221;3.25&#8243; custom_padding=&#8221;0px|||&#8221; custom_padding__hover=&#8221;|||&#8221;][et_pb_text _builder_version=&#8221;4.4.2&#8243; text_font=&#8221;Dancing Script|700|||||||&#8221; text_text_color=&#8221;#ffffff&#8221; text_font_size=&#8221;30px&#8221; text_line_height=&#8221;40px&#8221; header_font=&#8221;||||||||&#8221; background_color=&#8221;#595249&#8243; text_orientation=&#8221;center&#8221; max_width=&#8221;80px&#8221; module_alignment=&#8221;center&#8221; custom_margin=&#8221;-68px|||&#8221; custom_margin_tablet=&#8221;0px|||&#8221; custom_margin_phone=&#8221;&#8221; custom_margin_last_edited=&#8221;on|tablet&#8221; custom_padding=&#8221;20px||20px||true|false&#8221; animation_direction=&#8221;left&#8221; border_radii=&#8221;on|100px|100px|100px|100px&#8221;]1<br \/>\n[\/et_pb_text][et_pb_blurb title=&#8221;ZADZWO\u0143&#8221; _builder_version=&#8221;4.4.2&#8243; header_font=&#8221;Poppins|300|||||||&#8221; header_text_color=&#8221;#63cbc0&#8243; header_font_size=&#8221;20px&#8221; header_line_height=&#8221;1.4em&#8221; body_font=&#8221;Muli||||||||&#8221; body_text_color=&#8221;#595249&#8243; body_font_size=&#8221;16px&#8221; body_line_height=&#8221;1.8em&#8221; text_orientation=&#8221;center&#8221; custom_padding=&#8221;18px||&#8221; animation_direction=&#8221;left&#8221; animation=&#8221;off&#8221;]732 961 100[\/et_pb_blurb][\/et_pb_column][et_pb_column type=&#8221;1_3&#8243; _builder_version=&#8221;3.25&#8243; custom_padding=&#8221;|||&#8221; custom_padding__hover=&#8221;|||&#8221;][et_pb_text _builder_version=&#8221;3.27.4&#8243; text_font=&#8221;Dancing Script|700|||||||&#8221; text_text_color=&#8221;#ffffff&#8221; text_font_size=&#8221;30px&#8221; text_line_height=&#8221;40px&#8221; header_font=&#8221;||||||||&#8221; background_color=&#8221;#595249&#8243; text_orientation=&#8221;center&#8221; max_width=&#8221;80px&#8221; module_alignment=&#8221;center&#8221; custom_margin=&#8221;-68px|||&#8221; custom_margin_tablet=&#8221;0px|||&#8221; custom_margin_phone=&#8221;&#8221; custom_margin_last_edited=&#8221;on|tablet&#8221; custom_padding=&#8221;20px||20px||true|false&#8221; animation_direction=&#8221;left&#8221; border_radii=&#8221;on|100px|100px|100px|100px&#8221;]<\/p>\n<p>2<\/p>\n<p>[\/et_pb_text][et_pb_blurb title=&#8221;ZAREZERWUJ TERMIN&#8221; url=&#8221;http:\/\/www.moment.pl\/stoprocentpiekna&#8221; _builder_version=&#8221;4.4.2&#8243; header_font=&#8221;Poppins|700|||||||&#8221; header_text_color=&#8221;#63cbc0&#8243; header_font_size=&#8221;20px&#8221; header_line_height=&#8221;1.4em&#8221; body_font=&#8221;Muli||||||||&#8221; body_text_color=&#8221;#595249&#8243; body_font_size=&#8221;16px&#8221; body_line_height=&#8221;1.8em&#8221; text_orientation=&#8221;center&#8221; custom_padding=&#8221;18px||&#8221; animation_direction=&#8221;left&#8221; animation=&#8221;off&#8221;][\/et_pb_blurb][\/et_pb_column][et_pb_column type=&#8221;1_3&#8243; _builder_version=&#8221;3.25&#8243; custom_padding=&#8221;|||&#8221; custom_padding__hover=&#8221;|||&#8221;][et_pb_text _builder_version=&#8221;4.4.2&#8243; text_font=&#8221;Dancing Script|700|||||||&#8221; text_text_color=&#8221;#ffffff&#8221; text_font_size=&#8221;30px&#8221; text_line_height=&#8221;40px&#8221; header_font=&#8221;||||||||&#8221; background_color=&#8221;#595249&#8243; text_orientation=&#8221;center&#8221; max_width=&#8221;80px&#8221; module_alignment=&#8221;center&#8221; custom_margin=&#8221;-68px|||&#8221; custom_margin_tablet=&#8221;0px|||&#8221; custom_margin_phone=&#8221;&#8221; custom_margin_last_edited=&#8221;on|tablet&#8221; custom_padding=&#8221;20px||20px||true|false&#8221; animation_direction=&#8221;left&#8221; border_radii=&#8221;on|100px|100px|100px|100px&#8221;]<\/p>\n<p>3<\/p>\n<p>[\/et_pb_text][et_pb_blurb title=&#8221;GOTOWE !&#8221; _builder_version=&#8221;4.4.2&#8243; header_font=&#8221;Poppins|300|||||||&#8221; header_text_color=&#8221;#63cbc0&#8243; header_font_size=&#8221;20px&#8221; header_line_height=&#8221;1.4em&#8221; body_font=&#8221;Muli||||||||&#8221; body_text_color=&#8221;#595249&#8243; body_font_size=&#8221;16px&#8221; body_line_height=&#8221;1.8em&#8221; text_orientation=&#8221;center&#8221; custom_padding=&#8221;18px||&#8221; animation_direction=&#8221;left&#8221; animation=&#8221;off&#8221;][\/et_pb_blurb][\/et_pb_column][\/et_pb_row][\/et_pb_section][et_pb_section fb_built=&#8221;1&#8243; _builder_version=&#8221;4.4.2&#8243; background_image=&#8221;http:\/\/delicious.dfirma.pl\/wp-content\/uploads\/2021\/01\/Photogenica-PHX275226360.jpg&#8221; parallax=&#8221;on&#8221; parallax_method=&#8221;off&#8221; custom_padding=&#8221;73px|0px|140px|0px|false|false&#8221; global_module=&#8221;71&#8243; saved_tabs=&#8221;all&#8221;][et_pb_row _builder_version=&#8221;3.25&#8243; animation_style=&#8221;fade&#8221; animation_delay=&#8221;500ms&#8221;][et_pb_column type=&#8221;4_4&#8243; _builder_version=&#8221;3.25&#8243; custom_padding=&#8221;|||&#8221; custom_padding__hover=&#8221;|||&#8221;][et_pb_text _builder_version=&#8221;4.4.2&#8243; text_font=&#8221;Muli||||||||&#8221; text_text_color=&#8221;#595249&#8243; text_font_size=&#8221;16px&#8221; text_line_height=&#8221;1.8em&#8221; header_font=&#8221;Poppins|700||on|||||&#8221; header_text_color=&#8221;#63cbc0&#8243; header_font_size=&#8221;40px&#8221; header_letter_spacing=&#8221;8px&#8221; header_line_height=&#8221;1.3em&#8221; max_width=&#8221;40%&#8221; max_width_tablet=&#8221;&#8221; max_width_phone=&#8221;98%&#8221; max_width_last_edited=&#8221;on|phone&#8221; header_font_size_tablet=&#8221;&#8221; header_font_size_phone=&#8221;30px&#8221; header_font_size_last_edited=&#8221;on|phone&#8221;]<\/p>\n<h1>WIRTUALNA WYCIECZKA<\/h1>\n<p>Zach\u0119camy do wirtualnej wycieczki.<br \/> Wejd\u017a i przekonaj si\u0119 sam jak wygl\u0105da 100% Pi\u0119kna.<\/p>\n<p><strong><a href=\"https:\/\/www.google.com\/maps\/@50.2968433,18.9578942,3a,75y,194.78h,68.39t\/data=!3m7!1e1!3m5!1sAF1QipMZSg4QIA_KLjnzMpSDCLi25EloS8xLkIwy1MTC!2e10!3e11!7i10000!8i5000\" target=\"_blank\" rel=\"noopener noreferrer\">KLIKNIJ TUTAJ<\/a><\/strong><\/p>\n<p>[\/et_pb_text][\/et_pb_column][\/et_pb_row][\/et_pb_section][et_pb_section fb_built=&#8221;1&#8243; _builder_version=&#8221;3.22&#8243; background_color=&#8221;#fef7f5&#8243; custom_padding=&#8221;11px|0px|11px|0px|true|false&#8221;][et_pb_row column_structure=&#8221;1_2,1_2&#8243; use_custom_gutter=&#8221;on&#8221; gutter_width=&#8221;1&#8243; make_equal=&#8221;on&#8221; _builder_version=&#8221;4.4.2&#8243; background_color=&#8221;#595249&#8243; custom_margin=&#8221;-100px||&#8221; custom_padding=&#8221;0|0px|0|0px|true|false&#8221;][et_pb_column type=&#8221;1_2&#8243; _builder_version=&#8221;3.25&#8243; custom_padding=&#8221;|||&#8221; custom_padding__hover=&#8221;|||&#8221;][et_pb_blurb url=&#8221;http:\/\/www.facebook.com\/stoprocentpiekna&#8221; url_new_window=&#8221;on&#8221; use_icon=&#8221;on&#8221; font_icon=&#8221;%%291%%&#8221; icon_color=&#8221;#63cbc0&#8243; use_icon_font_size=&#8221;on&#8221; icon_font_size=&#8221;29px&#8221; _builder_version=&#8221;4.4.2&#8243; header_font=&#8221;Nunito Sans|700|||||||&#8221; header_text_align=&#8221;center&#8221; header_text_color=&#8221;rgba(0,0,0,0)&#8221; header_font_size=&#8221;0px&#8221; header_line_height=&#8221;0em&#8221; body_font=&#8221;Nunito Sans||||||||&#8221; body_text_align=&#8221;center&#8221; body_text_color=&#8221;rgba(0,0,0,0)&#8221; body_font_size=&#8221;0px&#8221; body_line_height=&#8221;0em&#8221; custom_padding=&#8221;80px||55px||false&#8221; link_option_url_new_window=&#8221;on&#8221; background__hover_enabled=&#8221;on&#8221; background_color__hover=&#8221;#f9ad9a&#8221; icon_color__hover_enabled=&#8221;on|desktop&#8221; icon_color__hover=&#8221;#63cbc0&#8243;][\/et_pb_blurb][\/et_pb_column][et_pb_column type=&#8221;1_2&#8243; _builder_version=&#8221;3.25&#8243; custom_padding=&#8221;|||&#8221; custom_padding__hover=&#8221;|||&#8221;][et_pb_blurb url=&#8221;http:\/\/www.instagram.com\/stoprocentpiekna&#8221; url_new_window=&#8221;on&#8221; use_icon=&#8221;on&#8221; font_icon=&#8221;%%298%%&#8221; icon_color=&#8221;#63cbc0&#8243; use_icon_font_size=&#8221;on&#8221; icon_font_size=&#8221;29px&#8221; _builder_version=&#8221;4.4.2&#8243; header_font=&#8221;Nunito Sans|700|||||||&#8221; header_text_align=&#8221;center&#8221; header_text_color=&#8221;rgba(0,0,0,0)&#8221; header_font_size=&#8221;0px&#8221; header_line_height=&#8221;0em&#8221; body_font=&#8221;Nunito Sans||||||||&#8221; body_text_align=&#8221;center&#8221; body_text_color=&#8221;rgba(0,0,0,0)&#8221; body_font_size=&#8221;0px&#8221; body_line_height=&#8221;0em&#8221; custom_padding=&#8221;80px||55px||false&#8221; link_option_url_new_window=&#8221;on&#8221; icon_color__hover=&#8221;#63cbc0&#8243; icon_color__hover_enabled=&#8221;on|hover&#8221; background_color__hover=&#8221;#f9ad9a&#8221; background__hover_enabled=&#8221;on&#8221;][\/et_pb_blurb][\/et_pb_column][\/et_pb_row][\/et_pb_section][et_pb_section fb_built=&#8221;1&#8243; _builder_version=&#8221;3.22&#8243; custom_padding=&#8221;0px|0px|32px|0px|false|false&#8221; global_module=&#8221;72&#8243; saved_tabs=&#8221;all&#8221;][et_pb_row column_structure=&#8221;1_3,1_3,1_3&#8243; _builder_version=&#8221;3.25&#8243; custom_padding=&#8221;27px|0px|46px|0px|false|false&#8221; animation_style=&#8221;fade&#8221; animation_delay=&#8221;500ms&#8221;][et_pb_column type=&#8221;1_3&#8243; _builder_version=&#8221;3.25&#8243; custom_padding=&#8221;|||&#8221; custom_padding__hover=&#8221;|||&#8221;][et_pb_text _builder_version=&#8221;4.4.2&#8243; text_font=&#8221;Muli||||||||&#8221; text_text_color=&#8221;#595249&#8243; text_font_size=&#8221;16px&#8221; text_line_height=&#8221;1.8em&#8221; header_font=&#8221;Poppins|700||on|||||&#8221; header_text_align=&#8221;center&#8221; header_text_color=&#8221;#63cbc0&#8243; header_letter_spacing=&#8221;7px&#8221; header_line_height=&#8221;2.1em&#8221; text_orientation=&#8221;center&#8221; custom_padding=&#8221;47px||47px||true&#8221;]<\/p>\n<h1>AdRES<\/h1>\n<p>ul. ks. bpa Bernarda Bogedaina 18<\/p>\n<p>41-500 Chorz\u00f3w<\/p>\n<p>[\/et_pb_text][\/et_pb_column][et_pb_column type=&#8221;1_3&#8243; _builder_version=&#8221;3.25&#8243; custom_padding=&#8221;|||&#8221; custom_padding__hover=&#8221;|||&#8221;][et_pb_text _builder_version=&#8221;4.4.2&#8243; text_font=&#8221;Muli||||||||&#8221; text_text_color=&#8221;#595249&#8243; text_font_size=&#8221;16px&#8221; text_line_height=&#8221;1.8em&#8221; header_font=&#8221;Poppins|700||on|||||&#8221; header_text_align=&#8221;center&#8221; header_text_color=&#8221;#63cbc0&#8243; header_letter_spacing=&#8221;7px&#8221; header_line_height=&#8221;2.1em&#8221; text_orientation=&#8221;center&#8221; custom_padding=&#8221;47px||47px||true&#8221; border_width_right=&#8221;1px&#8221; border_color_right=&#8221;rgba(249,173,154,0.29)&#8221; border_width_left=&#8221;1px&#8221; border_color_left=&#8221;rgba(249,173,154,0.29)&#8221;]<\/p>\n<h1>TELEFON<\/h1>\n<p>tel. 732-961-100<\/p>\n<p>[\/et_pb_text][\/et_pb_column][et_pb_column type=&#8221;1_3&#8243; _builder_version=&#8221;3.25&#8243; custom_padding=&#8221;|||&#8221; custom_padding__hover=&#8221;|||&#8221;][et_pb_text _builder_version=&#8221;4.4.2&#8243; text_font=&#8221;Muli||||||||&#8221; text_text_color=&#8221;#595249&#8243; text_font_size=&#8221;16px&#8221; text_line_height=&#8221;1.8em&#8221; header_font=&#8221;Poppins|700||on|||||&#8221; header_text_align=&#8221;center&#8221; header_text_color=&#8221;#63cbc0&#8243; header_letter_spacing=&#8221;7px&#8221; header_line_height=&#8221;2.1em&#8221; text_orientation=&#8221;center&#8221; custom_padding=&#8221;47px||47px||true&#8221;]<\/p>\n<h1>E-MAIL<\/h1>\n<p>stoprocentpiekna@vp.pl<\/p>\n<p>[\/et_pb_text][et_pb_blurb _builder_version=&#8221;3.19&#8243; header_font=&#8221;Nunito Sans|700|||||||&#8221; header_text_align=&#8221;center&#8221; header_text_color=&#8221;#297FCA&#8221; header_font_size=&#8221;20px&#8221; body_font=&#8221;Nunito Sans||||||||&#8221; body_text_align=&#8221;center&#8221; body_text_color=&#8221;#5499D4&#8243; body_font_size=&#8221;16px&#8221; body_line_height=&#8221;1.8em&#8221; custom_margin=&#8221;-9px||&#8221;][\/et_pb_blurb][\/et_pb_column][\/et_pb_row][et_pb_row _builder_version=&#8221;4.4.2&#8243; custom_padding=&#8221;0px|0px|46px|0px|false|false&#8221; animation_style=&#8221;fade&#8221; animation_delay=&#8221;500ms&#8221;][et_pb_column type=&#8221;4_4&#8243; _builder_version=&#8221;3.25&#8243; custom_padding=&#8221;|||&#8221; custom_padding__hover=&#8221;|||&#8221;][et_pb_code _builder_version=&#8221;4.4.2&#8243;]<iframe loading=\"lazy\" src=\"https:\/\/www.google.com\/maps\/embed?pb=!1m14!1m8!1m3!1d10194.963503925761!2d18.9577857!3d50.2967647!3m2!1i1024!2i768!4f13.1!3m3!1m2!1s0x0%3A0x2279410b512dedad!2sSalon%20kosmetyczny%20100%25%20Pi%C4%99kna!5e0!3m2!1spl!2spl!4v1610958599943!5m2!1spl!2spl\" width=\"2500\" height=\"450\" frameborder=\"0\" style=\"border:0;\" allowfullscreen=\"\" aria-hidden=\"false\" tabindex=\"0\"><\/iframe>[\/et_pb_code][\/et_pb_column][\/et_pb_row][\/et_pb_section][et_pb_section fb_built=&#8221;1&#8243; fullwidth=&#8221;on&#8221; _builder_version=&#8221;3.22&#8243;][et_pb_fullwidth_image src=&#8221;http:\/\/delicious.dfirma.pl\/wp-content\/uploads\/2020\/05\/eu-67.jpg&#8221; _builder_version=&#8221;3.19.3&#8243; module_alignment=&#8221;center&#8221; animation_style=&#8221;slide&#8221; animation_direction=&#8221;bottom&#8221; animation_delay=&#8221;500ms&#8221;][\/et_pb_fullwidth_image][\/et_pb_section]<\/p>\n","protected":false},"excerpt":{"rendered":"<p>[et_pb_section fb_built=&#8221;1&#8243; _builder_version=&#8221;3.22&#8243; custom_padding=&#8221;51px|0px|0|0px|false|false&#8221;][et_pb_row _builder_version=&#8221;3.25&#8243; custom_padding=&#8221;17px|0px|25px|0px|false|false&#8221; animation_style=&#8221;fade&#8221; animation_delay=&#8221;500ms&#8221;][et_pb_column type=&#8221;4_4&#8243; _builder_version=&#8221;3.25&#8243; custom_padding=&#8221;|||&#8221; custom_padding__hover=&#8221;|||&#8221;][et_pb_text _builder_version=&#8221;4.4.2&#8243; text_font=&#8221;Poppins|800||on|||||&#8221; text_text_color=&#8221;#63cbc0&#8243; text_font_size=&#8221;16px&#8221; text_letter_spacing=&#8221;4px&#8221; text_orientation=&#8221;center&#8221;] Salon kosmetyczny 100% PI\u0118KNA [\/et_pb_text][et_pb_text _builder_version=&#8221;4.4.2&#8243; text_font=&#8221;Dancing Script|700|||||||&#8221; text_text_color=&#8221;#595249&#8243; text_font_size=&#8221;45px&#8221; text_orientation=&#8221;center&#8221; custom_margin=&#8221;-6px|||&#8221; text_line_height_tablet=&#8221;&#8221; text_line_height_phone=&#8221;1.2em&#8221; text_line_height_last_edited=&#8221;on|phone&#8221;] Henna pudrowa i geometria brwi [\/et_pb_text][\/et_pb_column][\/et_pb_row][\/et_pb_section][et_pb_section fb_built=&#8221;1&#8243; custom_padding_last_edited=&#8221;off|desktop&#8221; admin_label=&#8221;Simple Steps Section&#8221; _builder_version=&#8221;3.22&#8243; module_alignment=&#8221;right&#8221; custom_margin=&#8221;|||&#8221; custom_padding=&#8221;0px||5px||false|false&#8221; custom_padding_tablet=&#8221;||120px|&#8221;][et_pb_row _builder_version=&#8221;4.4.2&#8243;][et_pb_column type=&#8221;4_4&#8243; _builder_version=&#8221;4.4.2&#8243;][et_pb_text _builder_version=&#8221;4.4.2&#8243; custom_padding=&#8221;2px|||||&#8221;] Henna [&hellip;]<\/p>\n","protected":false},"author":1,"featured_media":0,"parent":0,"menu_order":0,"comment_status":"closed","ping_status":"closed","template":"","meta":{"_et_pb_use_builder":"on","_et_pb_old_content":"","_et_gb_content_width":"","footnotes":""},"yst_prominent_words":[],"class_list":["post-257","page","type-page","status-publish","hentry"],"_links":{"self":[{"href":"https:\/\/stoprocentpiekna.com\/index.php\/wp-json\/wp\/v2\/pages\/257","targetHints":{"allow":["GET"]}}],"collection":[{"href":"https:\/\/stoprocentpiekna.com\/index.php\/wp-json\/wp\/v2\/pages"}],"about":[{"href":"https:\/\/stoprocentpiekna.com\/index.php\/wp-json\/wp\/v2\/types\/page"}],"author":[{"embeddable":true,"href":"https:\/\/stoprocentpiekna.com\/index.php\/wp-json\/wp\/v2\/users\/1"}],"replies":[{"embeddable":true,"href":"https:\/\/stoprocentpiekna.com\/index.php\/wp-json\/wp\/v2\/comments?post=257"}],"version-history":[{"count":4,"href":"https:\/\/stoprocentpiekna.com\/index.php\/wp-json\/wp\/v2\/pages\/257\/revisions"}],"predecessor-version":[{"id":1084,"href":"https:\/\/stoprocentpiekna.com\/index.php\/wp-json\/wp\/v2\/pages\/257\/revisions\/1084"}],"wp:attachment":[{"href":"https:\/\/stoprocentpiekna.com\/index.php\/wp-json\/wp\/v2\/media?parent=257"}],"wp:term":[{"taxonomy":"yst_prominent_words","embeddable":true,"href":"https:\/\/stoprocentpiekna.com\/index.php\/wp-json\/wp\/v2\/yst_prominent_words?post=257"}],"curies":[{"name":"wp","href":"https:\/\/api.w.org\/{rel}","templated":true}]}}